{"id":81,"date":"2025-09-07T00:10:00","date_gmt":"2025-09-07T00:10:00","guid":{"rendered":"https:\/\/www.freshup.fi\/?page_id=81"},"modified":"2026-02-12T14:47:46","modified_gmt":"2026-02-12T14:47:46","slug":"kasvohoito","status":"publish","type":"page","link":"http:\/\/www.freshup.fi\/index.php\/kasvohoito\/","title":{"rendered":"Kasvohoito Helsinki"},"content":{"rendered":"\n<div class=\"wp-block-superb-addons-cover-image\"><div class=\"superbaddons-coverimage-block\" style=\"border-radius:0%;min-height:400px;background-image:url(http:\/\/www.freshup.fi\/wp-content\/uploads\/2025\/09\/kasvohoito_helsinki_kasvohoito_espoo_kauneushoitola_helsinki_kauneushoitola_espoo-2.png);background-position:50% 50%;background-size:cover;background-repeat:no-repeat\"><\/div><\/div>\n\n\n\n<p>Tervetuloa Kasvohoitolaan! &#8211; <a href=\"https:\/\/www.freshup.fi\/wp-content\/uploads\/2025\/09\/kasvohoito_helsinki_kasvohoito_espoo_kauneushoitola_helsinki_kauneushoitola_espoo-2.png\" data-type=\"attachment\" data-id=\"155\">Kasvohoito Helsinki<\/a><\/p>\n\n\n\n<p>Kasvohoitola on erikoistunut erilaisiin tehokkaisiin kasvohoitoihin, jotka ovat muokkaantunut vuosikymmenten kokemuksen kautta ihonhoidosta. T\u00e4rke\u00e4\u00e4 minulle on ettei mik\u00e4\u00e4n hoito tuota kipua. T\u00e4st\u00e4 syyst\u00e4 en tee esimerkiksi mikroneulausta enk\u00e4 mit\u00e4\u00e4n muodissa tai pinnalla olevia hoitoja vaan vuosien ty\u00f6n kautta varmoiksi tekniikoiksi todetut hoitomenetelm\u00e4t, joilla saa tuloksia aikaan.<\/p>\n\n\n\n<p>Erityist\u00e4 huomiota kiinnit\u00e4n siihen, ett\u00e4 p\u00e4\u00e4set vain heng\u00e4ht\u00e4m\u00e4\u00e4n ja rentoutumaan sek\u00e4 pystyt nauttimaan koko hoitoaikasi ollessasi k\u00e4sittelyss\u00e4. T\u00e4st\u00e4 syyst\u00e4 toivonkin, ett\u00e4 jo ennnen hoitoosi tuloa laittaisit puhelimesi \u00e4\u00e4nett\u00f6m\u00e4lle.<\/p>\n\n\n\n<p>Tullessasi hoitoon toivon, ett\u00e4 saavut hoitoon muutama minuutti aikaisemmin, ett\u00e4 ehdit valmistautua hoitoon tuloon esimerkiksi juomalla lasin vett\u00e4 tai k\u00e4ym\u00e4ss\u00e4 naistenhuoneessa. <\/p>\n\n\n\n<p>Jokainen hoito rauhoitetaan. Pid\u00e4n oman puhelimeni \u00e4\u00e4nett\u00f6m\u00e4ll\u00e4, jottei hoito keskeytyisi ja t\u00e4st\u00e4 syyst\u00e4 en ota vastaan puheluita kuin etuk\u00e4teen sovitulla puhelinajalla.  Varmistan ennen tuloasi ett\u00e4 tilassa soi jo valmiiksi rentouttavaa musiikkia ja kynttil\u00f6iden liekki palaa luomassa tunnelmaa. <\/p>\n\n\n\n<p>Tervetuloa ihanaan omaan hetkeesi!<\/p>\n\n\n\n<p><\/p>\n\n\n\n<p>Kasvohoitoja on erilaisia eri tarkoituksiin. Valintaan vaikuttaa ihotyyppi sek\u00e4 sen hetkinen ihon kunto. Jos sinua askarruttaa kasvohoidon valinta, voit laittaa minulle viesti\u00e4 <a href=\"https:\/\/www.freshup.fi\/index.php\/yhteystiedot\/\" data-type=\"page\" data-id=\"92\">yhteydenottolomakkeella<\/a>, suoraan numeroon 0414715029, tai voit tiedustella puhelinaikaa viestill\u00e4.<\/p>\n\n\n\n<p><\/p>\n\n\n\n<p>VALITTAVISSASI OLEVAT KASVOHOITOVAIHTOEHDOT:<\/p>\n\n\n\n<ul class=\"wp-block-list\">\n<li><strong>Kirkastus<\/strong> I Kirkkaampi ja kuulaampi hoito kevyemm\u00e4n tuntuiseen ihoon 75,00<\/li>\n<\/ul>\n\n\n\n<p><\/p>\n\n\n\n<ul class=\"wp-block-list\">\n<li><strong>Kosteuskylpy<\/strong> I Ihosi on pehme\u00e4, kostea ja kiinte\u00e4mm\u00e4n oloinen hoidon j\u00e4lkeen 90,00<\/li>\n<\/ul>\n\n\n\n<p><\/p>\n\n\n\n<ul class=\"wp-block-list\">\n<li><strong>Heleytys<\/strong> I Ihosi on hele\u00e4, kirkkaampi ja raikkaampi hoidon j\u00e4lkeen 70,00<\/li>\n<\/ul>\n\n\n\n<p><\/p>\n\n\n\n<ul class=\"wp-block-list\">\n<li><strong>Puhtaus<\/strong> I Puhdas iho kivuttomasti. Ihosi on puhtaampi, raikkaampi ja rauhallisempi 85,00<\/li>\n<\/ul>\n\n\n\n<p><\/p>\n\n\n\n<ul class=\"wp-block-list\">\n<li><strong>Superpuhdas<\/strong> I Rasvaisen tai ongelmaisen ihon tehokas apu ep\u00e4puhtauksiin 115,00<\/li>\n<\/ul>\n\n\n\n<p><\/p>\n\n\n\n<ul class=\"wp-block-list\">\n<li><strong>Silpoinen<\/strong> I Sile\u00e4mpi, kiinte\u00e4mpi, kosteutetumpi ja uuden oloinen iho 115,00<\/li>\n<\/ul>\n\n\n\n<p><\/p>\n\n\n\n<ul class=\"wp-block-list\">\n<li><strong>Prinsessan hemmottelu<\/strong> I Prinsessan Spa-kasvohoito, jossa kasvojen lis\u00e4ksi hoidetaan ja hierotaan my\u00f6s k\u00e4det ja jalat hemmottelevilla kuorinnoilla ja naamioilla 120,00<\/li>\n<\/ul>\n\n\n\n<p><\/p>\n\n\n\n<ul class=\"wp-block-list\">\n<li><strong>Kuningattaren hemmottelu<\/strong> I Kuningattaren Spa-kasvohoito, jossa hoidetaan kasvojen lis\u00e4ksi hoidetaan ja hierotaan k\u00e4det sek\u00e4 jalat hemmottelevilla kuorinnoilla ja naamioilla 150,00<\/li>\n<\/ul>\n\n\n\n<p><\/p>\n\n\n\n<ul class=\"wp-block-list\">\n<li><strong>Mittatilauskasvohoito<\/strong> I Kun haluat tehokkaan sinulle kaikista parhaiten sopivimman kasvohoidon alk. 99,00 Mittatilauskasvohoidolla p\u00e4\u00e4set parhaimpiin tuloksiin kasvohoidossa&lt;3 <\/li>\n<\/ul>\n\n\n\n<figure class=\"wp-block-video\"><video height=\"1080\" style=\"aspect-ratio: 1920 \/ 1080;\" width=\"1920\" controls src=\"https:\/\/www.freshup.fi\/wp-content\/uploads\/2025\/09\/Kasvohoito_Helsinki.mp4\"><\/video><\/figure>\n\n\n\n<p>Yll\u00e4olevalla videolla n\u00e4et tunnelmaa Prinsessan hemmottelu kasvohoidota. <\/p>\n\n\n\n<p>Varaa oma aikasi jo t\u00e4n\u00e4\u00e4n!<\/p>\n\n\n\n<div class=\"wp-block-buttons is-layout-flex wp-block-buttons-is-layout-flex\">\n<div class=\"wp-block-button\"><a class=\"wp-block-button__link wp-element-button\">Varaa aikasi Kasvohoito Helsinki<\/a><\/div>\n<\/div>\n\n\n\n<p><\/p>\n","protected":false},"excerpt":{"rendered":"<p>Tervetuloa Kasvohoitolaan! &#8211; Kasvohoito Helsinki Kasvohoitola on erikoistunut erilaisiin tehokkaisiin kasvohoitoihin, jotka ovat muokkaantunut vuosikymmenten kokemuksen kautta ihonhoidosta. T\u00e4rke\u00e4\u00e4 minulle on ettei mik\u00e4\u00e4n hoito tuota kipua. T\u00e4st\u00e4 syyst\u00e4 en tee esimerkiksi mikroneulausta enk\u00e4 mit\u00e4\u00e4n muodissa tai pinnalla olevia hoitoja vaan vuosien ty\u00f6n kautta varmoiksi tekniikoiksi todetut hoitomenetelm\u00e4t, joilla saa tuloksia aikaan. Erityist\u00e4 huomiota kiinnit\u00e4n siihen, [&hellip;]<\/p>\n","protected":false},"author":1,"featured_media":0,"parent":0,"menu_order":0,"comment_status":"closed","ping_status":"closed","template":"","meta":{"advanced_seo_description":"","jetpack_seo_html_title":"","jetpack_seo_noindex":false,"footnotes":""},"class_list":["post-81","page","type-page","status-publish","hentry"],"jetpack_sharing_enabled":true,"_links":{"self":[{"href":"http:\/\/www.freshup.fi\/index.php\/wp-json\/wp\/v2\/pages\/81","targetHints":{"allow":["GET"]}}],"collection":[{"href":"http:\/\/www.freshup.fi\/index.php\/wp-json\/wp\/v2\/pages"}],"about":[{"href":"http:\/\/www.freshup.fi\/index.php\/wp-json\/wp\/v2\/types\/page"}],"author":[{"embeddable":true,"href":"http:\/\/www.freshup.fi\/index.php\/wp-json\/wp\/v2\/users\/1"}],"replies":[{"embeddable":true,"href":"http:\/\/www.freshup.fi\/index.php\/wp-json\/wp\/v2\/comments?post=81"}],"version-history":[{"count":31,"href":"http:\/\/www.freshup.fi\/index.php\/wp-json\/wp\/v2\/pages\/81\/revisions"}],"predecessor-version":[{"id":389,"href":"http:\/\/www.freshup.fi\/index.php\/wp-json\/wp\/v2\/pages\/81\/revisions\/389"}],"wp:attachment":[{"href":"http:\/\/www.freshup.fi\/index.php\/wp-json\/wp\/v2\/media?parent=81"}],"curies":[{"name":"wp","href":"https:\/\/api.w.org\/{rel}","templated":true}]}}