{"id":2,"date":"2025-09-05T14:48:36","date_gmt":"2025-09-05T14:48:36","guid":{"rendered":"http:\/\/www.freshup.fi\/?page_id=2"},"modified":"2025-09-05T12:20:01","modified_gmt":"2025-09-05T12:20:01","slug":"sample-page","status":"publish","type":"page","link":"http:\/\/www.freshup.fi\/index.php\/sample-page\/","title":{"rendered":"Uutta tulossa!"},"content":{"rendered":"\n<p>Sivuja ty\u00f6stet\u00e4\u00e4n&#8230;<\/p>\n\n\n\n<p>Avataan pian&#8230; <\/p>\n","protected":false},"excerpt":{"rendered":"<p>Sivuja ty\u00f6stet\u00e4\u00e4n&#8230; Avataan pian&#8230;<\/p>\n","protected":false},"author":1,"featured_media":0,"parent":0,"menu_order":0,"comment_status":"closed","ping_status":"open","template":"","meta":{"advanced_seo_description":"","jetpack_seo_html_title":"","jetpack_seo_noindex":false,"footnotes":""},"class_list":["post-2","page","type-page","status-publish","hentry"],"jetpack_sharing_enabled":true,"_links":{"self":[{"href":"http:\/\/www.freshup.fi\/index.php\/wp-json\/wp\/v2\/pages\/2","targetHints":{"allow":["GET"]}}],"collection":[{"href":"http:\/\/www.freshup.fi\/index.php\/wp-json\/wp\/v2\/pages"}],"about":[{"href":"http:\/\/www.freshup.fi\/index.php\/wp-json\/wp\/v2\/types\/page"}],"author":[{"embeddable":true,"href":"http:\/\/www.freshup.fi\/index.php\/wp-json\/wp\/v2\/users\/1"}],"replies":[{"embeddable":true,"href":"http:\/\/www.freshup.fi\/index.php\/wp-json\/wp\/v2\/comments?post=2"}],"version-history":[{"count":1,"href":"http:\/\/www.freshup.fi\/index.php\/wp-json\/wp\/v2\/pages\/2\/revisions"}],"predecessor-version":[{"id":8,"href":"http:\/\/www.freshup.fi\/index.php\/wp-json\/wp\/v2\/pages\/2\/revisions\/8"}],"wp:attachment":[{"href":"http:\/\/www.freshup.fi\/index.php\/wp-json\/wp\/v2\/media?parent=2"}],"curies":[{"name":"wp","href":"https:\/\/api.w.org\/{rel}","templated":true}]}}